{"id":199,"date":"2013-08-10T00:50:39","date_gmt":"2013-08-10T00:50:39","guid":{"rendered":"http:\/\/onesysttem.com.br\/?page_id=199"},"modified":"2026-01-09T15:43:36","modified_gmt":"2026-01-09T18:43:36","slug":"tableau-2","status":"publish","type":"page","link":"https:\/\/onesysttem.com.br\/?page_id=199","title":{"rendered":"Tableau"},"content":{"rendered":"<div>\n<div>\n<div>\n<div>\n<h2>Responda perguntas t\u00e3o r\u00e1pido quanto o pensamento no Desktop<\/h2>\n<p>O Tableau Desktop \u00e9 baseado em tecnologia avan\u00e7ada da Stanford University que permite usar o recurso de arrastar e soltar na an\u00e1lise dos dados. Voc\u00ea pode se conectar com dados em alguns cliques e, em seguida, visualizar e criar pain\u00e9is interativos com mais alguns.<\/p>\n<p>Fizemos anos de pesquisa para criar um sistema que d\u00e1 suporte \u00e0 habilidade natural das pessoas de pensarem visualmente. Mude de maneira fluida entre exibi\u00e7\u00f5es. Siga o fluxo natural do pensamento. N\u00e3o fique preso a assistentes nem sobrecarregado com scripts. Apenas crie visualiza\u00e7\u00f5es de dados elegantes e avan\u00e7adas.<\/p>\n<p>\u00c9 t\u00e3o f\u00e1cil de usar que qualquer usu\u00e1rio do Excel pode aprender. Mais resultados com menos esfor\u00e7o. E \u00e9 de 10 a 100 vezes mais r\u00e1pido que as solu\u00e7\u00f5es existentes.<\/p>\n<h3><a href=\"https:\/\/public.tableau.com\/app\/profile\/andy.kriebel\/viz\/SampleSoftDrinkSales\/SoftSalesDashboard?_gl=1*8s8hv4*_ga*MTY1MjM1NzUyNy4xNzY3OTgzNzQw*_ga_8YLN0SNXVS*czE3Njc5ODM3NDAkbzEkZzEkdDE3Njc5ODM4NzMkajUwJGwwJGgw*_gcl_au*NzI1NDczNDg0LjE3Njc5ODM3Mzk.\" target=\"_blank\" rel=\"noopener\">\u00a0Clique aqui e experimente!<\/a><\/h3>\n<\/div>\n<\/div>\n<\/div>\n<\/div>\n<div>\n<div>\n<div>\n<i><\/i><\/div>\n<div>\n<h2>10 a 100 vezes mais r\u00e1pido<\/h2>\n<p>Como o Tableau trabalha com a sua habilidade natural de processar dados visualmente, voc\u00ea tem uma grande vantagem: velocidade. Arraste e solte para alterar sua an\u00e1lise. Ative o destaque de um clique para identificar tend\u00eancias. Adicione um filtro com outro clique. Voc\u00ea pode mudar perspectivas at\u00e9 encontrar a informa\u00e7\u00e3o necess\u00e1ria sobre seus dados.<\/p>\n<p>Trabalhando com grandes volumes de dados? O Mecanismo de Dados do Tableau \u00e9 super-r\u00e1pido. Com o Tableau, voc\u00ea n\u00e3o precisa usar nada menos que todos os dados necess\u00e1rios. A abordagem do Tableau com reconhecimento de arquitetura significa que voc\u00ea pode trazer todos os dados para seu laptop ainda assim ter um tempo de resposta interativo.<\/p>\n<p>Trabalhe com centenas de milh\u00f5es de linhas de dados em seu pr\u00f3prio computador e obtenha respostas em segundos. \u00c9 a an\u00e1lise comercial da vida real para dados de neg\u00f3cios da vida real.<\/p>\n<\/div>\n<\/div>\n<div id=\"section-drag-drop\">\n<h2>Facilidade de uso de arrepiar<\/h2>\n<div>\n<p>O Tableau Desktop \u00e9 uma ferramenta intuitiva, de arrastar e soltar, que permite ver todas as mudan\u00e7as durante o processo. Voc\u00ea mant\u00e9m o racioc\u00ednio sem tirar seus olhos dos dados. Qualquer um que saiba trabalhar com o Excel pode aprender a usar o Tableau rapidamente.<\/p>\n<\/div>\n<div>\n<p>As pessoas percebem as vantagens da interface do usu\u00e1rio do Tableau no primeiro uso. Mais &#8220;facilidade de uso&#8221; n\u00e3o significa &#8220;limitado&#8221;. O Tableau permite criar visualiza\u00e7\u00f5es e pain\u00e9is avan\u00e7ados. Empres\u00e1rios usam o Tableau para entender rapidamente as muitas facetas de seus neg\u00f3cios. Cientistas usam-no para criar an\u00e1lises sofisticadas de tend\u00eancias. E voc\u00ea ficar\u00e1 surpreso de como ele \u00e9 f\u00e1cil.<\/p>\n<\/div>\n<\/div>\n<div>\n<div><a href=\"http:\/\/www.tableausoftware.com\/pt-br\/products\/desktop#top\" data-wplink-edit=\"true\"><i><\/i><br \/>\n<\/a><\/div>\n<div><\/div>\n<div>\n<h2>Pain\u00e9is inteligentes, adequados e lindos<\/h2>\n<p>Combine v\u00e1rias exibi\u00e7\u00f5es em um painel de controle. Insira p\u00e1ginas da Web e documentos para obter mais explica\u00e7\u00f5es e detalhes. Destaque e filtre dados relacionados. Assim como suas exibi\u00e7\u00f5es, os pain\u00e9is podem ser conectados a dados din\u00e2micos ou podem usar o Mecanismo de Dados para acelerar sua an\u00e1lise.<\/p>\n<p>Quando voc\u00ea cria pain\u00e9is brilhantes no Tableau, pode compartilh\u00e1-los junto com seus momentos aha! no Tableau Server. Ou guarde essas belezinhas todas para voc\u00ea.<\/p>\n<p><a href=\"http:\/\/www.tableausoftware.com\/pt-br\/products\/desktop\/download?os=windows\">\u00a0<\/a><\/p>\n<\/div>\n<\/div>\n<div>\n<div>\n<h2>Conex\u00e3o direta e pronto para usar<\/h2>\n<p>E se voc\u00ea pudesse acessar qualquer banco de dados e simplesmente come\u00e7ar a analis\u00e1-lo, sem a necessidade de preparar nada com anteced\u00eancia? As plataformas de business intelligence antigas exigem que os usu\u00e1rios criem &#8220;universos&#8221;, &#8220;cubos&#8221; e &#8220;tabelas tempor\u00e1rias&#8221; elaborados antes que qualquer trabalho real possa ser feito. O Tableau elimina essas etapas completamente.<\/p>\n<p>No Tableau, voc\u00ea pode se conectar diretamente a bancos de dados, cubos, data warehouses, arquivos e planilhas. Sua conex\u00e3o \u00e9 din\u00e2mica; portanto, voc\u00ea v\u00ea dados atualizados a cada minuto. Bastam apenas alguns cliques e nenhuma programa\u00e7\u00e3o \u00e9 necess\u00e1ria. Em minutos, voc\u00ea estar\u00e1 acessando dados, consolidando n\u00fameros e visualizando resultados sem configura\u00e7\u00f5es avan\u00e7adas. \u00c9 a verdadeira an\u00e1lise comercial neg\u00f3cios ad-hoc.<\/p>\n<p><a href=\"http:\/\/www.tableausoftware.com\/pt-br\/products\/desktop\/download?os=windows\">Avalie gratuitamente<\/a><\/p>\n<\/div>\n<\/div>\n<div id=\"section-mashups\">\n<div><a href=\"http:\/\/www.tableausoftware.com\/pt-br\/products\/desktop#top\"><i><\/i>\u00a0Voltar ao in\u00edcio<\/a><\/div>\n<div>\n<h2>Mashups perfeitos<\/h2>\n<p>Conecte-se aos dados com um clique. Retoque uma segunda fonte de dados com outra. Quer adicionar dados de popula\u00e7\u00e3o do censo a seus dados de vendas para ver as taxas de penetra\u00e7\u00e3o?\u00a0<strong><em>Clique.\u00a0<\/em><\/strong>Quer estender seus dados de produ\u00e7\u00e3o com os dados de entrega dessas mesmas datas?\u00a0<strong><em>Clique.<\/em><\/strong>\u00a0Combinar fontes de dados na mesma exibi\u00e7\u00e3o \u00e9 t\u00e3o f\u00e1cil que parece que voc\u00ea est\u00e1 trapaceando. Voc\u00ea pode at\u00e9 mesmo filtrar de uma fonte de dados para outra e destacar em v\u00e1rias fontes de dados. Basta ir buscar os dados extras e jog\u00e1-los dentro da mistura.<\/p>\n<\/div>\n<\/div>\n<div id=\"section-mobile\">\n<div>\n<h2>An\u00e1lise no SharePoint, no iPad e em todo lugar<\/h2>\n<p>Desenvolva em minutos, compartilhe com milhares. Usando o Tableau Server, voc\u00ea pode publicar pain\u00e9is interativos na Web em segundos e, em seguida, incorpor\u00e1-los no site do SharePoint ou exibi-los em um iPad. Como os usu\u00e1rios precisam somente de um navegador da Web ou um iPad para filtrar, classificar e responder suas pr\u00f3prias perguntas, eles se tornam mais envolvidos.<\/p>\n<p>Bastam somente alguns cliques para publicar, e voc\u00ea n\u00e3o precisar\u00e1 fazer altera\u00e7\u00f5es em seus pain\u00e9is para aparecerem em navegadores da Web, Safari m\u00f3vel ou o aplicativo para iPad do Tableau. Sendo assim, voc\u00ea poder\u00e1 gastar seu tempo em an\u00e1lise e n\u00e3o em TI.<\/p>\n<\/div>\n<\/div>\n<div id=\"section-practice\">\n<div>\n<h2>Pr\u00e1ticas recomendadas em uma caixa<\/h2>\n<p>Nascido em Stanford e criado por alguns PhDs muito experientes, o Tableau tem as pr\u00e1ticas recomendadas incorporadas. Voc\u00ea obt\u00e9m o benef\u00edcio de anos de pesquisa da melhor maneira para representar dados, de esquemas de cores que melhor transmitem significado a um design elegante que mant\u00e9m os usu\u00e1rios concentrados no que \u00e9 importante. Voc\u00ea pode colocar seus dados em um mapa com codifica\u00e7\u00e3o geogr\u00e1fica autom\u00e1tica para o n\u00edvel de c\u00f3digo postal nos Estados Unidos.<\/p>\n<p>N\u00f3s nos empenhamos em fornecer uma visualiza\u00e7\u00e3o que ajuda voc\u00ea a entender e comunicar as informa\u00e7\u00f5es da maneira mais eficaz poss\u00edvel.<\/p>\n<\/div>\n<\/div>\n<\/div>\n","protected":false},"excerpt":{"rendered":"<p>Responda perguntas t\u00e3o r\u00e1pido quanto o pensamento no Desktop O Tableau Desktop \u00e9 baseado em tecnologia avan\u00e7ada da Stanford University que permite usar o recurso de arrastar e soltar na &hellip;<\/p>\n","protected":false},"author":1,"featured_media":0,"parent":0,"menu_order":0,"comment_status":"closed","ping_status":"open","template":"","meta":{"_joinchat":[],"footnotes":""},"class_list":["post-199","page","type-page","status-publish","hentry"],"_links":{"self":[{"href":"https:\/\/onesysttem.com.br\/index.php?rest_route=\/wp\/v2\/pages\/199","targetHints":{"allow":["GET"]}}],"collection":[{"href":"https:\/\/onesysttem.com.br\/index.php?rest_route=\/wp\/v2\/pages"}],"about":[{"href":"https:\/\/onesysttem.com.br\/index.php?rest_route=\/wp\/v2\/types\/page"}],"author":[{"embeddable":true,"href":"https:\/\/onesysttem.com.br\/index.php?rest_route=\/wp\/v2\/users\/1"}],"replies":[{"embeddable":true,"href":"https:\/\/onesysttem.com.br\/index.php?rest_route=%2Fwp%2Fv2%2Fcomments&post=199"}],"version-history":[{"count":10,"href":"https:\/\/onesysttem.com.br\/index.php?rest_route=\/wp\/v2\/pages\/199\/revisions"}],"predecessor-version":[{"id":637,"href":"https:\/\/onesysttem.com.br\/index.php?rest_route=\/wp\/v2\/pages\/199\/revisions\/637"}],"wp:attachment":[{"href":"https:\/\/onesysttem.com.br\/index.php?rest_route=%2Fwp%2Fv2%2Fmedia&parent=199"}],"curies":[{"name":"wp","href":"https:\/\/api.w.org\/{rel}","templated":true}]}}