{"id":10,"date":"2013-07-31T18:05:04","date_gmt":"2013-07-31T18:05:04","guid":{"rendered":"http:\/\/onesysttem.com.br\/?page_id=10"},"modified":"2022-03-15T15:09:20","modified_gmt":"2022-03-15T18:09:20","slug":"empresa","status":"publish","type":"page","link":"https:\/\/onesysttem.com.br\/?page_id=10","title":{"rendered":"Empresa"},"content":{"rendered":"<p hidden=\"\">NFCe NFe TEF PDV Varejo Controle de Estoque franquias<\/p>\n<p>A&nbsp;<strong><span style=\"color: #ff9900;\">One<\/span><span style=\"color: #3366ff;\">Systtem<\/span><\/strong>, fundada em abril de 2000, \u00e9 uma empresa especializada em projetos, fornecimento, implementa\u00e7\u00e3o, gest\u00e3o e otimiza\u00e7\u00e3o de TI, Telecomunica\u00e7\u00f5es, Engenharia, Software Customiz\u00e1veis e de Automa\u00e7\u00e3o Comercial.<\/p>\n<p><img loading=\"lazy\" decoding=\"async\" class=\" wp-image-448 alignright\" alt=\"\" src=\"http:\/\/onesysttem.com.br\/wp-content\/uploads\/2013\/11\/ForderEletrico.jpg\" width=\"362\" height=\"329\" srcset=\"https:\/\/onesysttem.com.br\/wp-content\/uploads\/2013\/11\/ForderEletrico.jpg 402w, https:\/\/onesysttem.com.br\/wp-content\/uploads\/2013\/11\/ForderEletrico-300x272.jpg 300w\" sizes=\"auto, (max-width: 362px) 100vw, 362px\" \/>Isso significa que ela est\u00e1 totalmente alinhada com as mais avan\u00e7adas tecnologias e possui o conhecimento necess\u00e1rio para implement\u00e1-las, al\u00e9m de toda a experi\u00eancia para alcan\u00e7ar os melhores resultados na integra\u00e7\u00e3o do ambiente de TI.<\/p>\n<p>A <strong><span style=\"color: #ff9900;\">One<\/span><span style=\"color: #3366ff;\">Systtem<\/span><\/strong>&nbsp;investe no relacionamento com alguns dos mais conceituados fabricantes do mercado, na capacita\u00e7\u00e3o de seus profissionais e nas mais modernas tecnologias visando oferecer sempre solu\u00e7\u00f5es customizadas e capazes de atender \u00e0s necessidades dos clientes de maneira ampla, \u00e1gil e com a melhor rela\u00e7\u00e3o custo x benef\u00edcio x qualidade.<\/p>\n<p><strong>Localiza\u00e7\u00e3o:<\/strong><\/p>\n<p>A&nbsp;<strong><span style=\"color: #ff9900;\">One<\/span><span style=\"color: #3366ff;\">Systtem, &nbsp;<\/span><\/strong>esta localizada, em sua nova sede, ao lado do Norte Shopping, sa\u00edda 4 da Linha Amarela. Com uma estrutura de sala comercial, de desenvolvimento, suporte, 2 salas de reuni\u00e3o para 12 pessoas e audit\u00f3rio com 46 lugares para ministrar cursos e palestras sobre os seus produtos. Tudo isso num ambiente novo e confort\u00e1vel, de f\u00e1cil acesso para seus clientes.<strong><br \/>\n<\/strong><\/p>\n<p>&nbsp;<\/p>\n<div id=\"attachment_267\" style=\"width: 324px\" class=\"wp-caption alignleft\"><img loading=\"lazy\" decoding=\"async\" aria-describedby=\"caption-attachment-267\" class=\" wp-image-267 \" alt=\"auditorio\" src=\"http:\/\/onesysttem.com.br\/wp-content\/uploads\/2013\/08\/auditorio.jpg\" width=\"314\" height=\"173\" srcset=\"https:\/\/onesysttem.com.br\/wp-content\/uploads\/2013\/08\/auditorio.jpg 523w, https:\/\/onesysttem.com.br\/wp-content\/uploads\/2013\/08\/auditorio-300x165.jpg 300w\" sizes=\"auto, (max-width: 314px) 100vw, 314px\" \/><p id=\"caption-attachment-267\" class=\"wp-caption-text\">Audit\u00f3rio.<\/p><\/div>\n<p><strong>Miss\u00e3o:<\/strong><\/p>\n<p>Fornecer solu\u00e7\u00f5es de classe mundial e servi\u00e7os de engenharia, TI, telecomunica\u00e7\u00f5es e software, gerando valor para nossos clientes otimizando resultados com foco no desenvolvimento de parcerias de longo prazo, atrav\u00e9s do uso eficiente das tecnologias e da melhoria cont\u00ednua dos processos e baseado no desenvolvimento cont\u00ednuo de nossos funcion\u00e1rios.<\/p>\n<p>&nbsp;<\/p>\n<p><strong>Vis\u00e3o:<\/strong><\/p>\n<p>A&nbsp;<strong><span style=\"color: #ff9900;\">One<\/span><span style=\"color: #3366ff;\">Systtem<\/span><\/strong>&nbsp;pretende ser um grande grupo, reconhecida&nbsp;pela sua capacidade de proporcionar servi\u00e7os de alto<\/p>\n<div id=\"attachment_268\" style=\"width: 382px\" class=\"wp-caption alignright\"><img loading=\"lazy\" decoding=\"async\" aria-describedby=\"caption-attachment-268\" class=\" wp-image-268 \" alt=\"20130812_102417\" src=\"http:\/\/onesysttem.com.br\/wp-content\/uploads\/2013\/08\/20130812_102417-1024x768.jpg\" width=\"372\" height=\"279\" srcset=\"https:\/\/onesysttem.com.br\/wp-content\/uploads\/2013\/08\/20130812_102417-1024x768.jpg 1024w, https:\/\/onesysttem.com.br\/wp-content\/uploads\/2013\/08\/20130812_102417-300x225.jpg 300w, https:\/\/onesysttem.com.br\/wp-content\/uploads\/2013\/08\/20130812_102417.jpg 2048w\" sizes=\"auto, (max-width: 372px) 100vw, 372px\" \/><p id=\"caption-attachment-268\" class=\"wp-caption-text\">Sala atendimento.<\/p><\/div>\n<p>valor para nossos clientes, baseando-se no talento, no esp\u00edrito empreendedor, no orgulho de perten\u00e7a e na atitude positiva&nbsp;dos nossos profissionais.<\/p>\n<p>&nbsp;<\/p>\n<p><strong>Valores:<\/strong><\/p>\n<p><strong><\/strong>Parceria com nossos clientes, Honestidade na realiza\u00e7\u00e3o dos trabalhos, Dedica\u00e7\u00e3o e Compet\u00eancia para projetos de Qualidade, Sensibilidade aos aspectos humanos e sociais da atividade empresarial, Respeito aos diferentes p\u00fablicos e \u00c9tica.<\/p>\n<p>&nbsp;<\/p>\n<p><strong><img loading=\"lazy\" decoding=\"async\" class=\" wp-image-450 alignleft\" alt=\"Social\" src=\"http:\/\/onesysttem.com.br\/wp-content\/uploads\/2013\/07\/Social.png\" width=\"348\" height=\"222\" srcset=\"https:\/\/onesysttem.com.br\/wp-content\/uploads\/2013\/07\/Social.png 580w, https:\/\/onesysttem.com.br\/wp-content\/uploads\/2013\/07\/Social-300x191.png 300w\" sizes=\"auto, (max-width: 348px) 100vw, 348px\" \/>Responsabilidade Social<\/strong><\/p>\n<p>Empresas e cidad\u00e3os podem contribuir diretamente para o desenvolvimento social, por meio da condu\u00e7\u00e3o correta dos neg\u00f3cios ou das a\u00e7\u00f5es pessoais. A isso chamamos de Responsabilidade Social.<\/p>\n<p>Responsabilidade: Construir e oferecer sempre as melhores solu\u00e7\u00f5es que atendam \u00e0s necessidades de seus clientes.<\/p>\n<p>Excel\u00eancia: Prestar sempre o melhor atendimento, excedendo as expectativas dos seus clientes e executando os projetos com m\u00e1xima efici\u00eancia.<\/p>\n<p>Credibilidade: Aplicar a \u00e9tica, a disciplina e a qualidade com rigor na execu\u00e7\u00e3o de cada etapa do processo de atendimento ao cliente.<\/p>\n<p><strong>Dados Cadastrais:<\/strong><\/p>\n<p><strong><\/strong><a href=\"http:\/\/onesysttem.com.br\/?page_id=398\">CADASTRO NACIONAL DE PESSOA JURIDICA<\/a>.<\/p>\n<div id=\"attachment_265\" style=\"width: 382px\" class=\"wp-caption alignleft\"><img loading=\"lazy\" decoding=\"async\" aria-describedby=\"caption-attachment-265\" class=\"wp-image-265 \" alt=\"reuniao\" src=\"http:\/\/onesysttem.com.br\/wp-content\/uploads\/2013\/08\/reuniao.jpg\" width=\"372\" height=\"278\" srcset=\"https:\/\/onesysttem.com.br\/wp-content\/uploads\/2013\/08\/reuniao.jpg 620w, https:\/\/onesysttem.com.br\/wp-content\/uploads\/2013\/08\/reuniao-300x224.jpg 300w\" sizes=\"auto, (max-width: 372px) 100vw, 372px\" \/><p id=\"caption-attachment-265\" class=\"wp-caption-text\">Reuni\u00e3o<\/p><\/div>\n<p>&nbsp;<\/p>\n<p>&nbsp;<\/p>\n<p>&nbsp;<\/p>\n<p>&nbsp;<\/p>\n","protected":false},"excerpt":{"rendered":"<p>NFCe NFe TEF PDV Varejo Controle de Estoque franquias A&nbsp;OneSysttem, fundada em abril de 2000, \u00e9 uma empresa especializada em projetos, fornecimento, implementa\u00e7\u00e3o, gest\u00e3o e otimiza\u00e7\u00e3o de TI, Telecomunica\u00e7\u00f5es, Engenharia, &hellip;<\/p>\n","protected":false},"author":1,"featured_media":0,"parent":0,"menu_order":0,"comment_status":"closed","ping_status":"closed","template":"","meta":{"_joinchat":[],"footnotes":""},"class_list":["post-10","page","type-page","status-publish","hentry"],"_links":{"self":[{"href":"https:\/\/onesysttem.com.br\/index.php?rest_route=\/wp\/v2\/pages\/10","targetHints":{"allow":["GET"]}}],"collection":[{"href":"https:\/\/onesysttem.com.br\/index.php?rest_route=\/wp\/v2\/pages"}],"about":[{"href":"https:\/\/onesysttem.com.br\/index.php?rest_route=\/wp\/v2\/types\/page"}],"author":[{"embeddable":true,"href":"https:\/\/onesysttem.com.br\/index.php?rest_route=\/wp\/v2\/users\/1"}],"replies":[{"embeddable":true,"href":"https:\/\/onesysttem.com.br\/index.php?rest_route=%2Fwp%2Fv2%2Fcomments&post=10"}],"version-history":[{"count":30,"href":"https:\/\/onesysttem.com.br\/index.php?rest_route=\/wp\/v2\/pages\/10\/revisions"}],"predecessor-version":[{"id":606,"href":"https:\/\/onesysttem.com.br\/index.php?rest_route=\/wp\/v2\/pages\/10\/revisions\/606"}],"wp:attachment":[{"href":"https:\/\/onesysttem.com.br\/index.php?rest_route=%2Fwp%2Fv2%2Fmedia&parent=10"}],"curies":[{"name":"wp","href":"https:\/\/api.w.org\/{rel}","templated":true}]}}