{"id":68,"date":"2013-08-06T22:36:41","date_gmt":"2013-08-06T22:36:41","guid":{"rendered":"http:\/\/onesysttem.com.br\/?page_id=68"},"modified":"2013-09-16T18:41:53","modified_gmt":"2013-09-16T18:41:53","slug":"desenvolvimento-de-sistemas","status":"publish","type":"page","link":"http:\/\/onesysttem.com.br\/?page_id=68","title":{"rendered":"Desenvolvimento de Sistemas"},"content":{"rendered":"<h2>____________________________________________________________________________________<\/h2>\n<table>\n<tbody>\n<tr>\n<td valign=\"top\"><img loading=\"lazy\" decoding=\"async\" class=\"alignright\" alt=\"img_projeto_sob_demanda\" src=\"http:\/\/www.gsw.com.br\/images\/stories\/img_projeto_sob_demanda.jpg\" width=\"250\" height=\"255\" \/><\/p>\n<p style=\"text-align: justify;\">Para necessidade de desenvolvimento de um novo sistema ou mesmo de customiza\u00e7\u00e3o de sistemas existente, a <strong><span style=\"color: #ff9900;\">One<\/span><span style=\"color: #3366ff;\">Systtem<\/span><\/strong>\u00a0atua em todas as etapas do ciclo de desenvolvimento do projeto, desde o levantamento de requisitos, an\u00e1lise funcional e t\u00e9cnica, programa\u00e7\u00e3o, testes, implanta\u00e7\u00e3o e acompanhamento com o usu\u00e1rio final,\u00a0responsabilizando-se pelo gerenciamento do projeto em todas as suas fases. Essa solu\u00e7\u00e3o \u00e9 indicada para quaisquer \u00e1reas da empresa, tais como RH, Qualidade, Financeiro, Produ\u00e7\u00e3o, Compras, entre outros, que demandam a automatiza\u00e7\u00e3o de processos, onde o desenvolvimento de sistemas personalizados agregue valor ao neg\u00f3cio da empresa.<\/p>\n<p style=\"text-align: justify;\">Por isso, os profissionais da <strong><span style=\"color: #ff9900;\">One<\/span><span style=\"color: #3366ff;\">Systtem<\/span>\u00a0<\/strong>s\u00e3o capacitados para entendimento adequado das necessidades da empresa, desenvolvendo sistemas que est\u00e3o alinhados \u00e0s expectativas, inclusive se diferenciando pela especializa\u00e7\u00e3o em rotinas de integra\u00e7\u00e3o\u00a0 com diferentes ERPs ou outros sistemas legados, sendo essa uma compet\u00eancia indispens\u00e1vel para o sucesso deste tipo de projeto.<\/p>\n<p><img loading=\"lazy\" decoding=\"async\" class=\" wp-image-378 alignleft\" style=\"color: #333333; font-family: Georgia, 'Times New Roman', 'Bitstream Charter', Times, serif; font-size: 13px; line-height: 19px; text-align: justify;\" alt=\"programacao\" src=\"http:\/\/onesysttem.com.br\/wp-content\/uploads\/2013\/08\/programacao.jpg\" width=\"240\" height=\"238\" srcset=\"http:\/\/onesysttem.com.br\/wp-content\/uploads\/2013\/08\/programacao.jpg 300w, http:\/\/onesysttem.com.br\/wp-content\/uploads\/2013\/08\/programacao-150x150.jpg 150w\" sizes=\"auto, (max-width: 240px) 100vw, 240px\" \/><\/p>\n<p style=\"text-align: justify;\">Os\u00a0\u00a0<strong>Projetos de Desenvolvimento <\/strong>\u00a0s\u00e3o recomendados para atender a uma necessidade espec\u00edfica, seja a de desenvolvimento de um novo sistema ou para manuten\u00e7\u00e3o de sistema existente. Tamb\u00e9m temos a disposi\u00e7\u00e3o a F\u00e1brica de Projetos e Softwares para empresas que t\u00eam necessidade de desenvolvimento constante e contam com uma equipe interna restrita ou pouco especializada nas plataformas envolvidas.<\/p>\n<p style=\"text-align: justify;\">\n<\/td>\n<\/tr>\n<\/tbody>\n<\/table>\n<p><strong>Benef\u00edcios:<\/strong><\/p>\n<ul>\n<li><span style=\"text-align: justify;\"><br \/>\nSolu\u00e7\u00f5es inovadoras, personalizadas e elaboradas para conquistar quaisquer desafios que o neg\u00f3cio do cliente possa estabelecer;<\/span><\/li>\n<li style=\"text-align: justify;\">Repasse de solu\u00e7\u00e3o com opera\u00e7\u00e3o assistida;<\/li>\n<li style=\"text-align: justify;\">Transfer\u00eancia tecnol\u00f3gica, suporte e manuten\u00e7\u00e3o;<\/li>\n<li style=\"text-align: justify;\">Possibilidade de implementa\u00e7\u00e3o de solu\u00e7\u00f5es em m\u00faltiplas plataformas, ambientes, tecnologias e linguagens;<\/li>\n<li style=\"text-align: justify;\">Redu\u00e7\u00e3o nos custos do neg\u00f3cio, associado \u00e0 otimiza\u00e7\u00e3o do trabalho;<\/li>\n<li style=\"text-align: justify;\">Simplifica\u00e7\u00e3o do ambiente tecnol\u00f3gico do cliente, possibilitando uma gest\u00e3o mais eficaz;<\/li>\n<\/ul>\n","protected":false},"excerpt":{"rendered":"<p>____________________________________________________________________________________ Para necessidade de desenvolvimento de um novo sistema ou mesmo de customiza\u00e7\u00e3o de sistemas existente, a OneSysttem\u00a0atua em todas as etapas do ciclo de desenvolvimento do projeto, desde o &hellip;<\/p>\n","protected":false},"author":1,"featured_media":0,"parent":0,"menu_order":0,"comment_status":"closed","ping_status":"open","template":"","meta":{"_joinchat":[],"footnotes":""},"class_list":["post-68","page","type-page","status-publish","hentry"],"_links":{"self":[{"href":"http:\/\/onesysttem.com.br\/index.php?rest_route=\/wp\/v2\/pages\/68","targetHints":{"allow":["GET"]}}],"collection":[{"href":"http:\/\/onesysttem.com.br\/index.php?rest_route=\/wp\/v2\/pages"}],"about":[{"href":"http:\/\/onesysttem.com.br\/index.php?rest_route=\/wp\/v2\/types\/page"}],"author":[{"embeddable":true,"href":"http:\/\/onesysttem.com.br\/index.php?rest_route=\/wp\/v2\/users\/1"}],"replies":[{"embeddable":true,"href":"http:\/\/onesysttem.com.br\/index.php?rest_route=%2Fwp%2Fv2%2Fcomments&post=68"}],"version-history":[{"count":6,"href":"http:\/\/onesysttem.com.br\/index.php?rest_route=\/wp\/v2\/pages\/68\/revisions"}],"predecessor-version":[{"id":233,"href":"http:\/\/onesysttem.com.br\/index.php?rest_route=\/wp\/v2\/pages\/68\/revisions\/233"}],"wp:attachment":[{"href":"http:\/\/onesysttem.com.br\/index.php?rest_route=%2Fwp%2Fv2%2Fmedia&parent=68"}],"curies":[{"name":"wp","href":"https:\/\/api.w.org\/{rel}","templated":true}]}}