{"id":398,"date":"2013-08-23T14:31:30","date_gmt":"2013-08-23T14:31:30","guid":{"rendered":"http:\/\/onesysttem.com.br\/?page_id=398"},"modified":"2013-08-23T15:49:43","modified_gmt":"2013-08-23T15:49:43","slug":"adminstrativo","status":"publish","type":"page","link":"http:\/\/onesysttem.com.br\/?page_id=398","title":{"rendered":"Adminstrativo"},"content":{"rendered":"<table border=\"0\" cellspacing=\"0\">\n<tbody>\n<tr>\n<td colspan=\"2\" align=\"left\" valign=\"center\">\n<table border=\"0\" cellspacing=\"0\" cellpadding=\"0\">\n<tbody>\n<tr>\n<td><span style=\"color: #000080; font-family: Arial;\"><b>Comprovante de Inscri\u00e7\u00e3o e de Situa\u00e7\u00e3o Cadastral<\/b><\/span><\/td>\n<\/tr>\n<\/tbody>\n<\/table>\n<\/td>\n<\/tr>\n<tr>\n<td colspan=\"2\" align=\"left\" valign=\"center\">\n<hr size=\"1\" \/>\n<\/td>\n<\/tr>\n<tr>\n<td><span style=\"font-family: Arial; font-size: small;\"><b>Contribuinte,<\/b><\/span><span style=\"font-family: Arial; font-size: small;\">Confira os dados de Identifica\u00e7\u00e3o da Pessoa Jur\u00eddica e, se houver qualquer diverg\u00eancia, providencie junto \u00e0 RFB a sua atualiza\u00e7\u00e3o cadastral.<\/span><\/td>\n<\/tr>\n<\/tbody>\n<\/table>\n<table border=\"1\" cellspacing=\"0\">\n<tbody>\n<tr>\n<td>\n<table width=\"100%\" border=\"0\">\n<tbody>\n<tr>\n<td align=\"left\" valign=\"middle\" width=\"60\" height=\"60\"><img loading=\"lazy\" decoding=\"async\" alt=\"Bras\u00e3o\" src=\"http:\/\/www.receita.fazenda.gov.br\/PessoaJuridica\/CNPJ\/cnpjreva\/images\/brasao2.gif\" width=\"60\" height=\"60\" border=\"0\" \/><\/td>\n<td align=\"center\"><span style=\"font-family: Arial; font-size: large;\"><b>REP\u00daBLICA FEDERATIVA DO BRASIL<\/b><\/span><span style=\"font-family: Arial;\"><b>CADASTRO NACIONAL DA PESSOA JUR\u00cdDICA<\/b><\/span><\/td>\n<td align=\"left\" valign=\"middle\" width=\"60\" height=\"60\"><\/td>\n<\/tr>\n<\/tbody>\n<\/table>\n<table width=\"100%\" border=\"0\">\n<tbody>\n<tr>\n<td valign=\"top\" width=\"24%\">\n<pre><span style=\"font-family: Arial;\">N\u00daMERO DE INSCRI\u00c7\u00c3O\u00a0<\/span><\/pre>\n<pre> <span style=\"font-family: Arial;\"><b>03.774.367\/0001-50<\/b>\r\n <b>MATRIZ<\/b>\u00a0<\/span><\/pre>\n<\/td>\n<td valign=\"top\" width=\"52%\"><center><span style=\"font-family: Arial;\"><b>COMPROVANTE DE INSCRI\u00c7\u00c3O E DE SITUA\u00c7\u00c3O CADASTRAL<\/b><\/span><\/center><\/td>\n<td valign=\"top\" width=\"24%\"><span style=\"font-family: Arial;\">DATA DE ABERTURA\u00a0<\/span><br \/>\n<span style=\"font-family: Arial;\"><b>14\/04\/2000<\/b>\u00a0<\/span><\/td>\n<\/tr>\n<\/tbody>\n<\/table>\n<table width=\"100%\" border=\"0\">\n<tbody>\n<tr>\n<td valign=\"top\" width=\"100%\"><span style=\"font-family: Arial;\">NOME EMPRESARIAL\u00a0<\/span><br \/>\n<span style=\"font-family: Arial;\"><b>ONE SYSTEM SERVICO E COMERCIO LTDA &#8211; EPP<\/b>\u00a0<\/span><\/td>\n<\/tr>\n<\/tbody>\n<\/table>\n<table width=\"100%\" border=\"0\">\n<tbody>\n<tr>\n<td valign=\"top\" width=\"100%\"><span style=\"font-family: Arial;\">T\u00cdTULO DO ESTABELECIMENTO (NOME DE FANTASIA)\u00a0<\/span><br \/>\n<span style=\"font-family: Arial;\"><b>********<\/b>\u00a0<\/span><\/td>\n<\/tr>\n<\/tbody>\n<\/table>\n<table width=\"100%\" border=\"0\">\n<tbody>\n<tr>\n<td valign=\"top\" width=\"100%\"><span style=\"font-family: Arial;\">C\u00d3DIGO E DESCRI\u00c7\u00c3O DA ATIVIDADE ECON\u00d4MICA PRINCIPAL\u00a0<\/span><br \/>\n<span style=\"font-family: Arial;\"><b>62.03-1-00 &#8211; Desenvolvimento e licenciamento de programas de computador n\u00e3o-customiz\u00e1veis\u00a0<\/b><\/span><\/td>\n<\/tr>\n<\/tbody>\n<\/table>\n<table width=\"100%\" border=\"0\">\n<tbody>\n<tr>\n<td valign=\"top\" width=\"100%\"><span style=\"font-family: Arial;\">C\u00d3DIGO E DESCRI\u00c7\u00c3O DAS ATIVIDADES ECON\u00d4MICAS SECUND\u00c1RIAS\u00a0<\/span><br \/>\n<span style=\"font-family: Arial;\"><b>62.02-3-00 &#8211; Desenvolvimento e licenciamento de programas de computador customiz\u00e1veis\u00a0<\/b><\/span><br \/>\n<span style=\"font-family: Arial;\"><b>42.21-9-04 &#8211; Constru\u00e7\u00e3o de esta\u00e7\u00f5es e redes de telecomunica\u00e7\u00f5es\u00a0<\/b><\/span><br \/>\n<span style=\"font-family: Arial;\"><b>43.21-5-00 &#8211; Instala\u00e7\u00e3o e manuten\u00e7\u00e3o el\u00e9trica\u00a0<\/b><\/span><br \/>\n<span style=\"font-family: Arial;\"><b>43.22-3-03 &#8211; Instala\u00e7\u00f5es de sistema de preven\u00e7\u00e3o contra inc\u00eandio\u00a0<\/b><\/span><br \/>\n<span style=\"font-family: Arial;\"><b>43.30-4-04 &#8211; Servi\u00e7os de pintura de edif\u00edcios em geral\u00a0<\/b><\/span><br \/>\n<span style=\"font-family: Arial;\"><b>46.51-6-02 &#8211; Com\u00e9rcio atacadista de suprimentos para inform\u00e1tica\u00a0<\/b><\/span><br \/>\n<span style=\"font-family: Arial;\"><b>46.52-4-00 &#8211; Com\u00e9rcio atacadista de componentes eletr\u00f4nicos e equipamentos de telefonia e comunica\u00e7\u00e3o\u00a0<\/b><\/span><br \/>\n<span style=\"font-family: Arial;\"><b>46.73-7-00 &#8211; Com\u00e9rcio atacadista de material el\u00e9trico\u00a0<\/b><\/span><br \/>\n<span style=\"font-family: Arial;\"><b>77.33-1-00 &#8211; Aluguel de m\u00e1quinas e equipamentos para escrit\u00f3rios\u00a0<\/b><\/span><br \/>\n<span style=\"font-family: Arial;\"><b>81.21-4-00 &#8211; Limpeza em pr\u00e9dios e em domic\u00edlios\u00a0<\/b><\/span><br \/>\n<span style=\"font-family: Arial;\"><b>95.11-8-00 &#8211; Repara\u00e7\u00e3o e manuten\u00e7\u00e3o de computadores e de equipamentos perif\u00e9ricos\u00a0<\/b><\/span><br \/>\n<span style=\"font-family: Arial;\"><b>95.21-5-00 &#8211; Repara\u00e7\u00e3o e manuten\u00e7\u00e3o de equipamentos eletroeletr\u00f4nicos de uso pessoal e dom\u00e9stico\u00a0<\/b><\/span><br \/>\n<span style=\"font-family: Arial;\"><b>18.30-0-03 &#8211; Reprodu\u00e7\u00e3o de software em qualquer suporte\u00a0<\/b><\/span><\/td>\n<\/tr>\n<\/tbody>\n<\/table>\n<table width=\"100%\" border=\"0\">\n<tbody>\n<tr>\n<td valign=\"top\" width=\"100%\"><span style=\"font-family: Arial;\">C\u00d3DIGO E DESCRI\u00c7\u00c3O DA NATUREZA JUR\u00cdDICA\u00a0<\/span><br \/>\n<span style=\"font-family: Arial;\"><b>206-2 &#8211; SOCIEDADE EMPRESARIA LIMITADA<\/b>\u00a0<\/span><\/td>\n<\/tr>\n<\/tbody>\n<\/table>\n<table width=\"100%\" border=\"0\">\n<tbody>\n<tr>\n<td valign=\"top\" width=\"50%\"><span style=\"font-family: Arial;\">LOGRADOURO\u00a0<\/span><br \/>\n<span style=\"font-family: Arial;\"><b>AV DOM HELDER CAMARA<\/b>\u00a0<\/span><\/td>\n<td width=\"2%\"><\/td>\n<td valign=\"top\" width=\"10%\"><span style=\"font-family: Arial;\">N\u00daMERO\u00a0<\/span><br \/>\n<span style=\"font-family: Arial;\"><b>5644<\/b>\u00a0<\/span><\/td>\n<td width=\"2%\"><\/td>\n<td valign=\"top\" width=\"36%\"><span style=\"font-family: Arial;\">COMPLEMENTO\u00a0<\/span><br \/>\n<span style=\"font-family: Arial;\"><b>SALAS 909 E 910\u00a0<\/b><\/span><\/td>\n<\/tr>\n<\/tbody>\n<\/table>\n<table width=\"100%\" border=\"0\">\n<tbody>\n<tr>\n<td valign=\"top\" width=\"18%\"><span style=\"font-family: Arial;\">CEP\u00a0<\/span><br \/>\n<span style=\"font-family: Arial;\"><b>20.771-004 <\/b><\/span><\/td>\n<td width=\"2%\"><\/td>\n<td valign=\"top\" width=\"30%\"><span style=\"font-family: Arial;\">BAIRRO\/DISTRITO\u00a0<\/span><br \/>\n<span style=\"font-family: Arial;\"><b>PILARES<\/b>\u00a0<\/span><\/td>\n<td width=\"2%\"><\/td>\n<td valign=\"top\" width=\"38%\"><span style=\"font-family: Arial;\">MUNIC\u00cdPIO\u00a0<\/span><br \/>\n<span style=\"font-family: Arial;\"><b>RIO DE JANEIRO<\/b>\u00a0<\/span><\/td>\n<td width=\"2%\"><\/td>\n<td valign=\"top\" width=\"10%\"><span style=\"font-family: Arial;\">UF\u00a0<\/span><br \/>\n<span style=\"font-family: Arial;\"><b>RJ<\/b>\u00a0<\/span><\/td>\n<\/tr>\n<\/tbody>\n<\/table>\n<table width=\"100%\" border=\"0\">\n<tbody>\n<tr>\n<td valign=\"top\" width=\"64%\"><span style=\"font-family: Arial;\">SITUA\u00c7\u00c3O CADASTRAL\u00a0<\/span><br \/>\n<span style=\"font-family: Arial;\"><b>ATIVA <\/b><\/span><\/td>\n<td width=\"2%\"><\/td>\n<td valign=\"top\" width=\"24%\"><span style=\"font-family: Arial;\">DATA DA SITUA\u00c7\u00c3O CADASTRAL\u00a0<\/span><br \/>\n<span style=\"font-family: Arial;\"><b>27\/08\/2005<\/b>\u00a0<\/span><\/td>\n<\/tr>\n<\/tbody>\n<\/table>\n<table width=\"100%\" border=\"0\">\n<tbody>\n<tr>\n<td valign=\"top\" width=\"31%\"><span style=\"font-family: Arial;\">MOTIVO DE SITUA\u00c7\u00c3O CADASTRAL\u00a0<\/span><\/td>\n<\/tr>\n<\/tbody>\n<\/table>\n<table width=\"100%\" border=\"0\">\n<tbody>\n<tr>\n<td valign=\"top\" width=\"64%\"><span style=\"font-family: Arial;\">SITUA\u00c7\u00c3O ESPECIAL\u00a0<\/span><br \/>\n<span style=\"font-family: Arial;\"><b>******** <\/b><\/span><\/td>\n<td width=\"2%\"><\/td>\n<td valign=\"top\" width=\"24%\"><span style=\"font-family: Arial;\">DATA DA SITUA\u00c7\u00c3O ESPECIAL\u00a0<\/span><br \/>\n<span style=\"font-family: Arial;\"><b>********<br \/>\n<\/b><\/span><\/td>\n<\/tr>\n<\/tbody>\n<\/table>\n<\/td>\n<\/tr>\n<\/tbody>\n<\/table>\n","protected":false},"excerpt":{"rendered":"<p>Comprovante de Inscri\u00e7\u00e3o e de Situa\u00e7\u00e3o Cadastral Contribuinte,Confira os dados de Identifica\u00e7\u00e3o da Pessoa Jur\u00eddica e, se houver qualquer diverg\u00eancia, providencie junto \u00e0 RFB a sua atualiza\u00e7\u00e3o cadastral. REP\u00daBLICA FEDERATIVA &hellip;<\/p>\n","protected":false},"author":1,"featured_media":0,"parent":0,"menu_order":0,"comment_status":"closed","ping_status":"closed","template":"","meta":{"_joinchat":[],"footnotes":""},"class_list":["post-398","page","type-page","status-publish","hentry"],"_links":{"self":[{"href":"http:\/\/onesysttem.com.br\/index.php?rest_route=\/wp\/v2\/pages\/398","targetHints":{"allow":["GET"]}}],"collection":[{"href":"http:\/\/onesysttem.com.br\/index.php?rest_route=\/wp\/v2\/pages"}],"about":[{"href":"http:\/\/onesysttem.com.br\/index.php?rest_route=\/wp\/v2\/types\/page"}],"author":[{"embeddable":true,"href":"http:\/\/onesysttem.com.br\/index.php?rest_route=\/wp\/v2\/users\/1"}],"replies":[{"embeddable":true,"href":"http:\/\/onesysttem.com.br\/index.php?rest_route=%2Fwp%2Fv2%2Fcomments&post=398"}],"version-history":[{"count":12,"href":"http:\/\/onesysttem.com.br\/index.php?rest_route=\/wp\/v2\/pages\/398\/revisions"}],"predecessor-version":[{"id":414,"href":"http:\/\/onesysttem.com.br\/index.php?rest_route=\/wp\/v2\/pages\/398\/revisions\/414"}],"wp:attachment":[{"href":"http:\/\/onesysttem.com.br\/index.php?rest_route=%2Fwp%2Fv2%2Fmedia&parent=398"}],"curies":[{"name":"wp","href":"https:\/\/api.w.org\/{rel}","templated":true}]}}