{"id":15,"date":"2013-07-31T18:09:02","date_gmt":"2013-07-31T18:09:02","guid":{"rendered":"http:\/\/onesysttem.com.br\/?page_id=15"},"modified":"2019-02-14T19:44:38","modified_gmt":"2019-02-14T19:44:38","slug":"lojaone-supermercado","status":"publish","type":"page","link":"http:\/\/onesysttem.com.br\/?page_id=15","title":{"rendered":"LojaOne"},"content":{"rendered":"<h5 align=\"left\"><b>SEU NEG\u00d3CIO \u00c9 VAREJO? O NOSSO TAMB\u00c9M!<\/b><\/h5>\n<p align=\"left\">O sistema LojaOne \u00e9 tudo que o comerciante de varejo sempre sonhou em ter. Al\u00e9m de ser simples, vers\u00e1til e seguro ele foi feito por gente como voc\u00ea, que vive do com\u00e9rcio todos os dias.<\/p>\n<h5 align=\"left\">Diversas funcionalidades:<\/h5>\n<ul>\n<li><span style=\"line-height: 13px;\">Multi Usu\u00e1rio<\/span><img loading=\"lazy\" decoding=\"async\" class=\"alignright\" style=\"color: #000000; font-family: Verdana, Arial, Helvetica, sans-serif; font-size: 11px; line-height: normal; margin-top: 5px; margin-bottom: 5px;\" alt=\"\" src=\"http:\/\/onesysttem.com.br\/imagens\/foto_varejo2.jpg\" width=\"300\" height=\"190\" vspace=\"5\" \/><\/li>\n<li>Multi Estoque<\/li>\n<li>Auditoria<\/li>\n<li>BI<\/li>\n<li>Curva ABC<\/li>\n<li>Relat\u00f3rios Gerenciais e Customiz\u00e1veis<\/li>\n<li>Fideliza\u00e7\u00e3o de Clientes<\/li>\n<li>Gerador de Etiquetas de Cod. Barras<\/li>\n<li>Controle Financeiro<\/li>\n<li>Controle de produtos por cor\/tamanho<\/li>\n<\/ul>\n<p>&nbsp;<\/p>\n<ul>\n<li><img loading=\"lazy\" decoding=\"async\" class=\"alignright\" style=\"color: #000000; font-family: Verdana, Arial, Helvetica, sans-serif; font-size: 11px; line-height: normal; margin-top: 5px; margin-bottom: 5px;\" alt=\"\" src=\"http:\/\/onesysttem.com.br\/imagens\/foto_mercado2.jpg\" width=\"131\" height=\"192\" vspace=\"5\" \/><\/li>\n<\/ul>\n<p><img loading=\"lazy\" decoding=\"async\" class=\"alignleft\" style=\"color: #000000; font-family: Verdana, Arial, Helvetica, sans-serif; font-size: 11px; line-height: normal; margin-top: 5px; margin-bottom: 5px;\" alt=\"\" src=\"http:\/\/onesysttem.com.br\/imagens\/foto_vestuario.jpg\" width=\"209\" height=\"135\" vspace=\"5\" \/><\/p>\n<h6><b>USE O SISTEMA<\/b><b>\u00a0LOJAONE !<\/b><\/h6>\n<h6><b>SUA EMPRESA VAI GANHAR EM LUCRATIVIDADE A CADA DIA!<\/b><\/h6>\n<h6><b>VISTA SUA EMPRESA DE FORMA PR\u00c1TICA, CONFORT\u00c1VEL E ELEGANTE!<\/b><\/h6>\n<p>&nbsp;<\/p>\n<p>Reparou como o LojaOne se encaixa exatamente no seu com\u00e9rcio?<\/p>\n<p>&nbsp;<\/p>\n<div align=\"left\">\n<p><b>\u00a0<\/b><\/p>\n<\/div>\n","protected":false},"excerpt":{"rendered":"<p>SEU NEG\u00d3CIO \u00c9 VAREJO? O NOSSO TAMB\u00c9M! O sistema LojaOne \u00e9 tudo que o comerciante de varejo sempre sonhou em ter. Al\u00e9m de ser simples, vers\u00e1til e seguro ele foi &hellip;<\/p>\n","protected":false},"author":1,"featured_media":0,"parent":0,"menu_order":0,"comment_status":"closed","ping_status":"open","template":"","meta":{"_joinchat":[],"footnotes":""},"class_list":["post-15","page","type-page","status-publish","hentry"],"_links":{"self":[{"href":"http:\/\/onesysttem.com.br\/index.php?rest_route=\/wp\/v2\/pages\/15","targetHints":{"allow":["GET"]}}],"collection":[{"href":"http:\/\/onesysttem.com.br\/index.php?rest_route=\/wp\/v2\/pages"}],"about":[{"href":"http:\/\/onesysttem.com.br\/index.php?rest_route=\/wp\/v2\/types\/page"}],"author":[{"embeddable":true,"href":"http:\/\/onesysttem.com.br\/index.php?rest_route=\/wp\/v2\/users\/1"}],"replies":[{"embeddable":true,"href":"http:\/\/onesysttem.com.br\/index.php?rest_route=%2Fwp%2Fv2%2Fcomments&post=15"}],"version-history":[{"count":12,"href":"http:\/\/onesysttem.com.br\/index.php?rest_route=\/wp\/v2\/pages\/15\/revisions"}],"predecessor-version":[{"id":490,"href":"http:\/\/onesysttem.com.br\/index.php?rest_route=\/wp\/v2\/pages\/15\/revisions\/490"}],"wp:attachment":[{"href":"http:\/\/onesysttem.com.br\/index.php?rest_route=%2Fwp%2Fv2%2Fmedia&parent=15"}],"curies":[{"name":"wp","href":"https:\/\/api.w.org\/{rel}","templated":true}]}}